{"id":8678,"date":"2016-05-03T07:04:15","date_gmt":"2016-05-03T07:04:15","guid":{"rendered":"http:\/\/www.felixsolis.com\/fr\/?page_id=8678"},"modified":"2025-02-04T07:56:13","modified_gmt":"2025-02-04T07:56:13","slug":"contact","status":"publish","type":"page","link":"https:\/\/felixsolis.vanadysdev.com\/fr\/contact\/","title":{"rendered":"Contact"},"content":{"rendered":"\t\t<div data-elementor-type=\"wp-page\" data-elementor-id=\"8678\" class=\"elementor elementor-8678 elementor-21\">\n\t\t\t\t\t\t\t\t\t<section class=\"elementor-section elementor-top-section elementor-element elementor-element-e0b55c8 elementor-section-boxed elementor-section-height-default elementor-section-height-default\" data-id=\"e0b55c8\" data-element_type=\"section\">\n\t\t\t\t\t\t<div class=\"elementor-container elementor-column-gap-default\">\n\t\t\t\t\t<div class=\"elementor-column elementor-col-50 elementor-top-column elementor-element elementor-element-4e5fcc6\" data-id=\"4e5fcc6\" data-element_type=\"column\">\n\t\t\t<div class=\"elementor-widget-wrap elementor-element-populated\">\n\t\t\t\t\t\t\t\t<div class=\"elementor-element elementor-element-5fbac61 elementor-widget elementor-widget-text-editor\" data-id=\"5fbac61\" data-element_type=\"widget\" data-widget_type=\"text-editor.default\">\n\t\t\t\t<div class=\"elementor-widget-container\">\n\t\t\t\t\t\t\t<p>\n<div class=\"wpcf7 no-js\" id=\"wpcf7-f9095-o1\" lang=\"fr-FR\" dir=\"ltr\">\n<div class=\"screen-reader-response\"><p role=\"status\" aria-live=\"polite\" aria-atomic=\"true\"><\/p> <ul><\/ul><\/div>\n<form action=\"\/fr\/wp-json\/wp\/v2\/pages\/8678#wpcf7-f9095-o1\" method=\"post\" class=\"wpcf7-form init mailchimp-ext-0.5.69\" aria-label=\"Formulaire de contact\" novalidate=\"novalidate\" data-status=\"init\">\n<div style=\"display: none;\">\n<input type=\"hidden\" name=\"_wpcf7\" value=\"9095\" \/>\n<input type=\"hidden\" name=\"_wpcf7_version\" value=\"5.8.3\" \/>\n<input type=\"hidden\" name=\"_wpcf7_locale\" value=\"fr_FR\" \/>\n<input type=\"hidden\" name=\"_wpcf7_unit_tag\" value=\"wpcf7-f9095-o1\" \/>\n<input type=\"hidden\" name=\"_wpcf7_container_post\" value=\"0\" \/>\n<input type=\"hidden\" name=\"_wpcf7_posted_data_hash\" value=\"\" \/>\n<\/div>\n<p><label><span class=\"wpcf7-form-control-wrap\" data-name=\"your-name\"><input size=\"40\" class=\"wpcf7-form-control wpcf7-text wpcf7-validates-as-required\" aria-required=\"true\" aria-invalid=\"false\" placeholder=\"Pr\u00e9nom\" value=\"\" type=\"text\" name=\"your-name\" \/><\/span><\/label><br \/>\n<label><span class=\"wpcf7-form-control-wrap\" data-name=\"surname\"><input size=\"40\" class=\"wpcf7-form-control wpcf7-text wpcf7-validates-as-required\" aria-required=\"true\" aria-invalid=\"false\" placeholder=\"Nom\" value=\"\" type=\"text\" name=\"surname\" \/><\/span><\/label><br \/>\n<label><span class=\"wpcf7-form-control-wrap\" data-name=\"email\"><input size=\"40\" class=\"wpcf7-form-control wpcf7-email wpcf7-validates-as-required wpcf7-text wpcf7-validates-as-email\" aria-required=\"true\" aria-invalid=\"false\" placeholder=\"Email\" value=\"\" type=\"email\" name=\"email\" \/><\/span><\/label><br \/>\n<label><span class=\"wpcf7-form-control-wrap\" data-name=\"phone\"><input size=\"40\" class=\"wpcf7-form-control wpcf7-tel wpcf7-text wpcf7-validates-as-tel\" aria-invalid=\"false\" placeholder=\"T\u00e9l\u00e9phone\" value=\"\" type=\"tel\" name=\"phone\" \/><\/span><\/label><br \/>\n<label><span class=\"wpcf7-form-control-wrap\" data-name=\"country\"><input size=\"40\" class=\"wpcf7-form-control wpcf7-text\" aria-invalid=\"false\" placeholder=\"Pays\" value=\"\" type=\"text\" name=\"country\" \/><\/span><\/label><br \/>\n<label><span class=\"wpcf7-form-control-wrap\" data-name=\"subject\"><input size=\"40\" class=\"wpcf7-form-control wpcf7-text\" aria-invalid=\"false\" placeholder=\"Sujet du courriel\" value=\"\" type=\"text\" name=\"subject\" \/><\/span><\/label>\n<\/p>\n<p>MESSAGE\n<\/p>\n<p><label class=\"text-area\"><span class=\"wpcf7-form-control-wrap\" data-name=\"message\"><textarea cols=\"40\" rows=\"10\" class=\"wpcf7-form-control wpcf7-textarea wpcf7-validates-as-required msg-send\" aria-required=\"true\" aria-invalid=\"false\" placeholder=\"Message\" name=\"message\"><\/textarea><\/span><\/label><br \/>\n<label class=\"check-privacy\"><span class=\"wpcf7-form-control-wrap\" data-name=\"your-consent\"><span class=\"wpcf7-form-control wpcf7-acceptance\"><span class=\"wpcf7-list-item\"><label><input type=\"checkbox\" name=\"your-consent\" value=\"1\" aria-invalid=\"false\" \/><span class=\"wpcf7-list-item-label\">J&rsquo;ai lu les <a href=\"https:\/\/felixsolisavantis.test\/fr\/politique-de-confidentialite\/\">Politiques de confidentialit\u00e9<\/a><\/span><\/label><\/span><\/span><\/span><\/label><br \/>\n<label class=\"submit-btn\"><input class=\"wpcf7-form-control wpcf7-submit has-spinner\" type=\"submit\" value=\"Envoyer le message\" \/><\/label>\n<\/p><div class=\"wpcf7-response-output\" aria-hidden=\"true\"><\/div><p style=\"display: none !important\"><span class=\"wpcf7-form-control-wrap referer-page\"><input type=\"hidden\" name=\"referer-page\" value=\"http:\/\/Direct%20Visit\" data-value=\"http:\/\/Direct%20Visit\" class=\"wpcf7-form-control wpcf7-text referer-page\" aria-invalid=\"false\"><\/span><\/p>\n<!-- Chimpmatic extension by Renzo Johnson -->\n<\/form>\n<\/div>\n<\/p>\t\t\t\t\t\t<\/div>\n\t\t\t\t<\/div>\n\t\t\t\t\t<\/div>\n\t\t<\/div>\n\t\t\t\t<div class=\"elementor-column elementor-col-50 elementor-top-column elementor-element elementor-element-0c4c157\" data-id=\"0c4c157\" data-element_type=\"column\">\n\t\t\t<div class=\"elementor-widget-wrap elementor-element-populated\">\n\t\t\t\t\t\t\t\t<div class=\"elementor-element elementor-element-d541044 elementor-widget elementor-widget-text-editor\" data-id=\"d541044\" data-element_type=\"widget\" data-widget_type=\"text-editor.default\">\n\t\t\t\t<div class=\"elementor-widget-container\">\n\t\t\t\t\t\t\t<h3 class=\"contact-company\"><strong>Localisation et contact<\/strong><\/h3><p><strong>Felix Solis<\/strong><\/p><p class=\"contact-road\" style=\"outline: none !important;\">Autov\u00eda del Sur km 199,<\/p><p class=\"contact-road\" style=\"outline: none !important;\">13300 Valdepe\u00f1as (Ciudad Real)<\/p><p class=\"contact-mail\"><a href=\"mailto:fsa@felixsolisavantis.com\">Email<\/a><\/p><p class=\"contact-phone\"><span style=\"font-weight: bolder;\">T\u00e9l\u00e9phone<\/span>: +34 926 322 400<\/p>\t\t\t\t\t\t<\/div>\n\t\t\t\t<\/div>\n\t\t\t\t<div class=\"elementor-element elementor-element-158f99b elementor-widget elementor-widget-html\" data-id=\"158f99b\" data-element_type=\"widget\" data-widget_type=\"html.default\">\n\t\t\t\t<div class=\"elementor-widget-container\">\n\t\t\t<div>\r\n    <div id=\"map-contacto\"><\/div>\r\n<\/div> \t\t<\/div>\n\t\t\t\t<\/div>\n\t\t\t\t\t<\/div>\n\t\t<\/div>\n\t\t\t\t\t\t\t<\/div>\n\t\t<\/section>\n\t\t\t\t\t\t\t<\/div>\n\t\t","protected":false},"excerpt":{"rendered":"<p>Localisation et contact Felix Solis Autov\u00eda del Sur km 199, 13300 Valdepe\u00f1as (Ciudad Real) Email T\u00e9l\u00e9phone: +34 926 322 400<\/p>\n","protected":false},"author":1,"featured_media":48120,"parent":0,"menu_order":0,"comment_status":"open","ping_status":"open","template":"page-contact.php","meta":{"footnotes":""},"acf":[],"yoast_head":"<!-- This site is optimized with the Yoast SEO plugin v21.5 - https:\/\/yoast.com\/wordpress\/plugins\/seo\/ -->\n<title>Contact | F\u00e9lix Sol\u00eds<\/title>\n<meta name=\"robots\" content=\"index, follow, max-snippet:-1, max-image-preview:large, max-video-preview:-1\" \/>\n<link rel=\"canonical\" href=\"https:\/\/felixsolis.vanadysdev.com\/fr\/contact\/\" \/>\n<meta property=\"og:locale\" content=\"fr_FR\" \/>\n<meta property=\"og:type\" content=\"article\" \/>\n<meta property=\"og:title\" content=\"Contact | F\u00e9lix Sol\u00eds\" \/>\n<meta property=\"og:description\" content=\"Localisation et contact Felix Solis Autov\u00eda del Sur km 199, 13300 Valdepe\u00f1as (Ciudad Real) Email T\u00e9l\u00e9phone: +34 926 322 400\" \/>\n<meta property=\"og:url\" content=\"https:\/\/felixsolis.vanadysdev.com\/fr\/contact\/\" \/>\n<meta property=\"og:site_name\" content=\"F\u00e9lix Sol\u00eds\" \/>\n<meta property=\"article:modified_time\" content=\"2025-02-04T07:56:13+00:00\" \/>\n<meta property=\"og:image\" content=\"https:\/\/felixsolis.vanadysdev.com\/app\/uploads\/2019\/10\/296_LA-PUEBLA.jpg\" \/>\n\t<meta property=\"og:image:width\" content=\"2000\" \/>\n\t<meta property=\"og:image:height\" content=\"1333\" \/>\n\t<meta property=\"og:image:type\" content=\"image\/jpeg\" \/>\n<meta name=\"twitter:card\" content=\"summary_large_image\" \/>\n<meta name=\"twitter:label1\" content=\"Dur\u00e9e de lecture estim\u00e9e\" \/>\n\t<meta name=\"twitter:data1\" content=\"1 minute\" \/>\n<script type=\"application\/ld+json\" class=\"yoast-schema-graph\">{\"@context\":\"https:\/\/schema.org\",\"@graph\":[{\"@type\":\"WebPage\",\"@id\":\"https:\/\/felixsolis.vanadysdev.com\/fr\/contact\/\",\"url\":\"https:\/\/felixsolis.vanadysdev.com\/fr\/contact\/\",\"name\":\"Contact | F\u00e9lix Sol\u00eds\",\"isPartOf\":{\"@id\":\"https:\/\/felixsolis.vanadysdev.com\/#website\"},\"datePublished\":\"2016-05-03T07:04:15+00:00\",\"dateModified\":\"2025-02-04T07:56:13+00:00\",\"breadcrumb\":{\"@id\":\"https:\/\/felixsolis.vanadysdev.com\/fr\/contact\/#breadcrumb\"},\"inLanguage\":\"fr-FR\",\"potentialAction\":[{\"@type\":\"ReadAction\",\"target\":[\"https:\/\/felixsolis.vanadysdev.com\/fr\/contact\/\"]}]},{\"@type\":\"BreadcrumbList\",\"@id\":\"https:\/\/felixsolis.vanadysdev.com\/fr\/contact\/#breadcrumb\",\"itemListElement\":[{\"@type\":\"ListItem\",\"position\":1,\"name\":\"Portada\",\"item\":\"https:\/\/felixsolis.vanadysdev.com\/fr\/\"},{\"@type\":\"ListItem\",\"position\":2,\"name\":\"Contact\"}]},{\"@type\":\"WebSite\",\"@id\":\"https:\/\/felixsolis.vanadysdev.com\/#website\",\"url\":\"https:\/\/felixsolis.vanadysdev.com\/\",\"name\":\"F\u00e9lix Sol\u00eds\",\"description\":\"\",\"potentialAction\":[{\"@type\":\"SearchAction\",\"target\":{\"@type\":\"EntryPoint\",\"urlTemplate\":\"https:\/\/felixsolis.vanadysdev.com\/?s={search_term_string}\"},\"query-input\":\"required name=search_term_string\"}],\"inLanguage\":\"fr-FR\"}]}<\/script>\n<!-- \/ Yoast SEO plugin. -->","yoast_head_json":{"title":"Contact | F\u00e9lix Sol\u00eds","robots":{"index":"index","follow":"follow","max-snippet":"max-snippet:-1","max-image-preview":"max-image-preview:large","max-video-preview":"max-video-preview:-1"},"canonical":"https:\/\/felixsolis.vanadysdev.com\/fr\/contact\/","og_locale":"fr_FR","og_type":"article","og_title":"Contact | F\u00e9lix Sol\u00eds","og_description":"Localisation et contact Felix Solis Autov\u00eda del Sur km 199, 13300 Valdepe\u00f1as (Ciudad Real) Email T\u00e9l\u00e9phone: +34 926 322 400","og_url":"https:\/\/felixsolis.vanadysdev.com\/fr\/contact\/","og_site_name":"F\u00e9lix Sol\u00eds","article_modified_time":"2025-02-04T07:56:13+00:00","og_image":[{"width":2000,"height":1333,"url":"https:\/\/felixsolis.vanadysdev.com\/app\/uploads\/2019\/10\/296_LA-PUEBLA.jpg","type":"image\/jpeg"}],"twitter_card":"summary_large_image","twitter_misc":{"Dur\u00e9e de lecture estim\u00e9e":"1 minute"},"schema":{"@context":"https:\/\/schema.org","@graph":[{"@type":"WebPage","@id":"https:\/\/felixsolis.vanadysdev.com\/fr\/contact\/","url":"https:\/\/felixsolis.vanadysdev.com\/fr\/contact\/","name":"Contact | F\u00e9lix Sol\u00eds","isPartOf":{"@id":"https:\/\/felixsolis.vanadysdev.com\/#website"},"datePublished":"2016-05-03T07:04:15+00:00","dateModified":"2025-02-04T07:56:13+00:00","breadcrumb":{"@id":"https:\/\/felixsolis.vanadysdev.com\/fr\/contact\/#breadcrumb"},"inLanguage":"fr-FR","potentialAction":[{"@type":"ReadAction","target":["https:\/\/felixsolis.vanadysdev.com\/fr\/contact\/"]}]},{"@type":"BreadcrumbList","@id":"https:\/\/felixsolis.vanadysdev.com\/fr\/contact\/#breadcrumb","itemListElement":[{"@type":"ListItem","position":1,"name":"Portada","item":"https:\/\/felixsolis.vanadysdev.com\/fr\/"},{"@type":"ListItem","position":2,"name":"Contact"}]},{"@type":"WebSite","@id":"https:\/\/felixsolis.vanadysdev.com\/#website","url":"https:\/\/felixsolis.vanadysdev.com\/","name":"F\u00e9lix Sol\u00eds","description":"","potentialAction":[{"@type":"SearchAction","target":{"@type":"EntryPoint","urlTemplate":"https:\/\/felixsolis.vanadysdev.com\/?s={search_term_string}"},"query-input":"required name=search_term_string"}],"inLanguage":"fr-FR"}]}},"_links":{"self":[{"href":"https:\/\/felixsolis.vanadysdev.com\/fr\/wp-json\/wp\/v2\/pages\/8678"}],"collection":[{"href":"https:\/\/felixsolis.vanadysdev.com\/fr\/wp-json\/wp\/v2\/pages"}],"about":[{"href":"https:\/\/felixsolis.vanadysdev.com\/fr\/wp-json\/wp\/v2\/types\/page"}],"author":[{"embeddable":true,"href":"https:\/\/felixsolis.vanadysdev.com\/fr\/wp-json\/wp\/v2\/users\/1"}],"replies":[{"embeddable":true,"href":"https:\/\/felixsolis.vanadysdev.com\/fr\/wp-json\/wp\/v2\/comments?post=8678"}],"version-history":[{"count":11,"href":"https:\/\/felixsolis.vanadysdev.com\/fr\/wp-json\/wp\/v2\/pages\/8678\/revisions"}],"predecessor-version":[{"id":74310,"href":"https:\/\/felixsolis.vanadysdev.com\/fr\/wp-json\/wp\/v2\/pages\/8678\/revisions\/74310"}],"wp:featuredmedia":[{"embeddable":true,"href":"https:\/\/felixsolis.vanadysdev.com\/fr\/wp-json\/wp\/v2\/media\/48120"}],"wp:attachment":[{"href":"https:\/\/felixsolis.vanadysdev.com\/fr\/wp-json\/wp\/v2\/media?parent=8678"}],"curies":[{"name":"wp","href":"https:\/\/api.w.org\/{rel}","templated":true}]}}