{"id":37929,"date":"2016-03-23T13:50:59","date_gmt":"2016-03-23T13:50:59","guid":{"rendered":"http:\/\/www.felixsolis.com\/lentreprise\/"},"modified":"2025-09-17T14:31:47","modified_gmt":"2025-09-17T14:31:47","slug":"lentreprise","status":"publish","type":"page","link":"https:\/\/felixsolis.vanadysdev.com\/fr\/lentreprise\/","title":{"rendered":"L&rsquo;entreprise"},"content":{"rendered":"<p>F\u00e9lix Sol\u00eds S.L. est une entreprise familiale consacr\u00e9e \u00e0 la<strong> production de vins de qualit\u00e9,<\/strong> de jus de raisin et de sangria. L\u2019entreprise poss\u00e8de deux domaines dans les deux appellations les plus importantes du centre de l\u2019Espagne : <strong>Valdepe\u00f1as et La Mancha.<\/strong><\/p>\n<p>Le domaine \u00e0 <strong>Valdepe\u00f1as<\/strong> a \u00e9t\u00e9 ouvert en 1975 avec certaines des meilleures pratiques mais aussi des plus <strong>modernes en technologie de production<\/strong> et de mise en bouteille dans le monde. Ce site est celui de l\u2019une des<strong> entreprises familiales<\/strong> les plus importantes en terme de r\u00e9ception de c\u00e9pages, avec une capacit\u00e9 de vendange de 7,5 millions de kilos par jour et des installations de production viticole pr\u00e9vues pour 175 millions de kilos de raisin. Pour conserver les m\u00e9thodes de vieillissement traditionnelles, le site poss\u00e8de une grande cave de f\u00fbts en ch\u00eane am\u00e9ricain, n\u00e9cessaires \u00e0 la production de crianzas, reservas, and gran reservas.<\/p>\n<p>Le domaine a lanc\u00e9, avec succ\u00e8s, un grand nombre de marques incluant <strong>Vina Albali<\/strong> et<strong> Los Molinos,<\/strong> tr\u00e8s connues par les consommateurs natifs d\u2019Espagne. De plus, la gamme de vins <strong>MUCHO M\u00c1S<\/strong> a rencontr\u00e9 un succ\u00e8s consid\u00e9rable, gr\u00e2ce \u00e0 son ad\u00e9quation avec les nouvelles tendances de consommation, sa qualit\u00e9 exceptionnelle et sa polyvalence.<\/p>\n<p>Le domaine de F\u00e9lix Sol\u00eds \u00e0<strong> La Puebla de Almoradiel<\/strong> se trouve \u00e0 La Mancha, affiche une longue tradition de culture du raisin et de production de vin. Ses installations moderne sont id\u00e9ales pour la production de vins jeunes produits \u00e0 partir de vari\u00e9t\u00e9s de raisin indig\u00e8ne et internationale.<\/p>\n<p>Le domaine de La Mancha a vendang\u00e9 pour la premi\u00e8re fois en 2011 et ses vins, <strong>Caliza <\/strong>et<strong> Vina San Juan<\/strong>, ont d\u00e9j\u00e0 re\u00e7u des prix dans les comp\u00e9titions viticoles internationales les plus prestigieuses.<\/p>\n","protected":false},"excerpt":{"rendered":"<p>F\u00e9lix Sol\u00eds S.L. est une entreprise familiale consacr\u00e9e \u00e0 la production de vins de qualit\u00e9, de jus de raisin et de sangria. L\u2019entreprise poss\u00e8de deux domaines dans les deux appellations les plus importantes du centre de l\u2019Espagne : Valdepe\u00f1as et La Mancha. Le domaine \u00e0 Valdepe\u00f1as a \u00e9t\u00e9 ouvert en 1975 avec certaines des meilleures pratiques mais aussi des plus modernes en technologie de production et de mise en bouteille dans le monde. Ce site est celui de l\u2019une des entreprises familiales les plus importantes en terme de r\u00e9ception de c\u00e9pages, avec une capacit\u00e9 de vendange de 7,5 millions de kilos par jour et des installations de production viticole pr\u00e9vues [&hellip;]<\/p>\n","protected":false},"author":4,"featured_media":37512,"parent":0,"menu_order":0,"comment_status":"open","ping_status":"closed","template":"page-general.php","meta":{"footnotes":""},"acf":[],"yoast_head":"<!-- This site is optimized with the Yoast SEO plugin v21.5 - https:\/\/yoast.com\/wordpress\/plugins\/seo\/ -->\n<title>L&#039;entreprise | F\u00e9lix Sol\u00eds<\/title>\n<meta name=\"description\" content=\"Le vin devrait pouvoir \u00eatre savour\u00e9 par tous... c&#039;est pourquoi nous faisons tout notre possible pour produire des vins de qualit\u00e9 en cultivant le raisin et en travaillant nos vins selon les m\u00eames valeurs avec lesquelles notre grand-p\u00e8re a commenc\u00e9 son m\u00e9tier. \u00bbLes Fr\u00e8res Sol\u00eds.\" \/>\n<meta name=\"robots\" content=\"index, follow, max-snippet:-1, max-image-preview:large, max-video-preview:-1\" \/>\n<link rel=\"canonical\" href=\"https:\/\/felixsolis.vanadysdev.com\/fr\/lentreprise\/\" \/>\n<meta property=\"og:locale\" content=\"fr_FR\" \/>\n<meta property=\"og:type\" content=\"article\" \/>\n<meta property=\"og:title\" content=\"L&#039;entreprise | F\u00e9lix Sol\u00eds\" \/>\n<meta property=\"og:description\" content=\"Le vin devrait pouvoir \u00eatre savour\u00e9 par tous... c&#039;est pourquoi nous faisons tout notre possible pour produire des vins de qualit\u00e9 en cultivant le raisin et en travaillant nos vins selon les m\u00eames valeurs avec lesquelles notre grand-p\u00e8re a commenc\u00e9 son m\u00e9tier. \u00bbLes Fr\u00e8res Sol\u00eds.\" \/>\n<meta property=\"og:url\" content=\"https:\/\/felixsolis.vanadysdev.com\/fr\/lentreprise\/\" \/>\n<meta property=\"og:site_name\" content=\"F\u00e9lix Sol\u00eds\" \/>\n<meta property=\"article:modified_time\" content=\"2025-09-17T14:31:47+00:00\" \/>\n<meta property=\"og:image\" content=\"https:\/\/felixsolis.vanadysdev.com\/app\/uploads\/2019\/05\/valdepenas_01.jpg\" \/>\n\t<meta property=\"og:image:width\" content=\"1999\" \/>\n\t<meta property=\"og:image:height\" content=\"1333\" \/>\n\t<meta property=\"og:image:type\" content=\"image\/jpeg\" \/>\n<meta name=\"twitter:card\" content=\"summary_large_image\" \/>\n<meta name=\"twitter:label1\" content=\"Dur\u00e9e de lecture estim\u00e9e\" \/>\n\t<meta name=\"twitter:data1\" content=\"2 minutes\" \/>\n<script type=\"application\/ld+json\" class=\"yoast-schema-graph\">{\"@context\":\"https:\/\/schema.org\",\"@graph\":[{\"@type\":\"WebPage\",\"@id\":\"https:\/\/felixsolis.vanadysdev.com\/fr\/lentreprise\/\",\"url\":\"https:\/\/felixsolis.vanadysdev.com\/fr\/lentreprise\/\",\"name\":\"L'entreprise | F\u00e9lix Sol\u00eds\",\"isPartOf\":{\"@id\":\"https:\/\/felixsolis.vanadysdev.com\/#website\"},\"datePublished\":\"2016-03-23T13:50:59+00:00\",\"dateModified\":\"2025-09-17T14:31:47+00:00\",\"description\":\"Le vin devrait pouvoir \u00eatre savour\u00e9 par tous... c'est pourquoi nous faisons tout notre possible pour produire des vins de qualit\u00e9 en cultivant le raisin et en travaillant nos vins selon les m\u00eames valeurs avec lesquelles notre grand-p\u00e8re a commenc\u00e9 son m\u00e9tier. \u00bbLes Fr\u00e8res Sol\u00eds.\",\"breadcrumb\":{\"@id\":\"https:\/\/felixsolis.vanadysdev.com\/fr\/lentreprise\/#breadcrumb\"},\"inLanguage\":\"fr-FR\",\"potentialAction\":[{\"@type\":\"ReadAction\",\"target\":[\"https:\/\/felixsolis.vanadysdev.com\/fr\/lentreprise\/\"]}]},{\"@type\":\"BreadcrumbList\",\"@id\":\"https:\/\/felixsolis.vanadysdev.com\/fr\/lentreprise\/#breadcrumb\",\"itemListElement\":[{\"@type\":\"ListItem\",\"position\":1,\"name\":\"Portada\",\"item\":\"https:\/\/felixsolis.vanadysdev.com\/fr\/\"},{\"@type\":\"ListItem\",\"position\":2,\"name\":\"L&#8217;entreprise\"}]},{\"@type\":\"WebSite\",\"@id\":\"https:\/\/felixsolis.vanadysdev.com\/#website\",\"url\":\"https:\/\/felixsolis.vanadysdev.com\/\",\"name\":\"F\u00e9lix Sol\u00eds\",\"description\":\"\",\"potentialAction\":[{\"@type\":\"SearchAction\",\"target\":{\"@type\":\"EntryPoint\",\"urlTemplate\":\"https:\/\/felixsolis.vanadysdev.com\/?s={search_term_string}\"},\"query-input\":\"required name=search_term_string\"}],\"inLanguage\":\"fr-FR\"}]}<\/script>\n<!-- \/ Yoast SEO plugin. -->","yoast_head_json":{"title":"L'entreprise | F\u00e9lix Sol\u00eds","description":"Le vin devrait pouvoir \u00eatre savour\u00e9 par tous... c'est pourquoi nous faisons tout notre possible pour produire des vins de qualit\u00e9 en cultivant le raisin et en travaillant nos vins selon les m\u00eames valeurs avec lesquelles notre grand-p\u00e8re a commenc\u00e9 son m\u00e9tier. \u00bbLes Fr\u00e8res Sol\u00eds.","robots":{"index":"index","follow":"follow","max-snippet":"max-snippet:-1","max-image-preview":"max-image-preview:large","max-video-preview":"max-video-preview:-1"},"canonical":"https:\/\/felixsolis.vanadysdev.com\/fr\/lentreprise\/","og_locale":"fr_FR","og_type":"article","og_title":"L'entreprise | F\u00e9lix Sol\u00eds","og_description":"Le vin devrait pouvoir \u00eatre savour\u00e9 par tous... c'est pourquoi nous faisons tout notre possible pour produire des vins de qualit\u00e9 en cultivant le raisin et en travaillant nos vins selon les m\u00eames valeurs avec lesquelles notre grand-p\u00e8re a commenc\u00e9 son m\u00e9tier. \u00bbLes Fr\u00e8res Sol\u00eds.","og_url":"https:\/\/felixsolis.vanadysdev.com\/fr\/lentreprise\/","og_site_name":"F\u00e9lix Sol\u00eds","article_modified_time":"2025-09-17T14:31:47+00:00","og_image":[{"width":1999,"height":1333,"url":"https:\/\/felixsolis.vanadysdev.com\/app\/uploads\/2019\/05\/valdepenas_01.jpg","type":"image\/jpeg"}],"twitter_card":"summary_large_image","twitter_misc":{"Dur\u00e9e de lecture estim\u00e9e":"2 minutes"},"schema":{"@context":"https:\/\/schema.org","@graph":[{"@type":"WebPage","@id":"https:\/\/felixsolis.vanadysdev.com\/fr\/lentreprise\/","url":"https:\/\/felixsolis.vanadysdev.com\/fr\/lentreprise\/","name":"L'entreprise | F\u00e9lix Sol\u00eds","isPartOf":{"@id":"https:\/\/felixsolis.vanadysdev.com\/#website"},"datePublished":"2016-03-23T13:50:59+00:00","dateModified":"2025-09-17T14:31:47+00:00","description":"Le vin devrait pouvoir \u00eatre savour\u00e9 par tous... c'est pourquoi nous faisons tout notre possible pour produire des vins de qualit\u00e9 en cultivant le raisin et en travaillant nos vins selon les m\u00eames valeurs avec lesquelles notre grand-p\u00e8re a commenc\u00e9 son m\u00e9tier. \u00bbLes Fr\u00e8res Sol\u00eds.","breadcrumb":{"@id":"https:\/\/felixsolis.vanadysdev.com\/fr\/lentreprise\/#breadcrumb"},"inLanguage":"fr-FR","potentialAction":[{"@type":"ReadAction","target":["https:\/\/felixsolis.vanadysdev.com\/fr\/lentreprise\/"]}]},{"@type":"BreadcrumbList","@id":"https:\/\/felixsolis.vanadysdev.com\/fr\/lentreprise\/#breadcrumb","itemListElement":[{"@type":"ListItem","position":1,"name":"Portada","item":"https:\/\/felixsolis.vanadysdev.com\/fr\/"},{"@type":"ListItem","position":2,"name":"L&#8217;entreprise"}]},{"@type":"WebSite","@id":"https:\/\/felixsolis.vanadysdev.com\/#website","url":"https:\/\/felixsolis.vanadysdev.com\/","name":"F\u00e9lix Sol\u00eds","description":"","potentialAction":[{"@type":"SearchAction","target":{"@type":"EntryPoint","urlTemplate":"https:\/\/felixsolis.vanadysdev.com\/?s={search_term_string}"},"query-input":"required name=search_term_string"}],"inLanguage":"fr-FR"}]}},"_links":{"self":[{"href":"https:\/\/felixsolis.vanadysdev.com\/fr\/wp-json\/wp\/v2\/pages\/37929"}],"collection":[{"href":"https:\/\/felixsolis.vanadysdev.com\/fr\/wp-json\/wp\/v2\/pages"}],"about":[{"href":"https:\/\/felixsolis.vanadysdev.com\/fr\/wp-json\/wp\/v2\/types\/page"}],"author":[{"embeddable":true,"href":"https:\/\/felixsolis.vanadysdev.com\/fr\/wp-json\/wp\/v2\/users\/4"}],"replies":[{"embeddable":true,"href":"https:\/\/felixsolis.vanadysdev.com\/fr\/wp-json\/wp\/v2\/comments?post=37929"}],"version-history":[{"count":3,"href":"https:\/\/felixsolis.vanadysdev.com\/fr\/wp-json\/wp\/v2\/pages\/37929\/revisions"}],"predecessor-version":[{"id":74359,"href":"https:\/\/felixsolis.vanadysdev.com\/fr\/wp-json\/wp\/v2\/pages\/37929\/revisions\/74359"}],"wp:featuredmedia":[{"embeddable":true,"href":"https:\/\/felixsolis.vanadysdev.com\/fr\/wp-json\/wp\/v2\/media\/37512"}],"wp:attachment":[{"href":"https:\/\/felixsolis.vanadysdev.com\/fr\/wp-json\/wp\/v2\/media?parent=37929"}],"curies":[{"name":"wp","href":"https:\/\/api.w.org\/{rel}","templated":true}]}}