{"id":37926,"date":"2016-05-03T06:55:50","date_gmt":"2016-05-03T06:55:50","guid":{"rendered":"http:\/\/www.felixsolis.com\/home-2\/"},"modified":"2024-11-19T14:58:36","modified_gmt":"2024-11-19T14:58:36","slug":"home","status":"publish","type":"page","link":"https:\/\/felixsolis.vanadysdev.com\/fr\/","title":{"rendered":"Home"},"content":{"rendered":"","protected":false},"excerpt":{"rendered":"","protected":false},"author":4,"featured_media":0,"parent":0,"menu_order":-1,"comment_status":"open","ping_status":"open","template":"page-home.php","meta":{"footnotes":""},"acf":[],"yoast_head":"<!-- This site is optimized with the Yoast SEO plugin v21.5 - https:\/\/yoast.com\/wordpress\/plugins\/seo\/ -->\n<title>Home | F\u00e9lix Sol\u00eds<\/title>\n<meta name=\"description\" content=\"F\u00e9lix Sol\u00eds S.L. est une entreprise familiale consacr\u00e9e \u00e0 la production de vins de qualit\u00e9, de jus de raisin et de sangria. L\u2019entreprise poss\u00e8de deux domaines dans les deux appellations les plus importantes du centre de l\u2019Espagne : Valdepe\u00f1as et La Mancha.\" \/>\n<meta name=\"robots\" content=\"index, follow, max-snippet:-1, max-image-preview:large, max-video-preview:-1\" \/>\n<link rel=\"canonical\" href=\"https:\/\/felixsolis.vanadysdev.com\/fr\/\" \/>\n<meta property=\"og:locale\" content=\"fr_FR\" \/>\n<meta property=\"og:type\" content=\"article\" \/>\n<meta property=\"og:title\" content=\"Home | F\u00e9lix Sol\u00eds\" \/>\n<meta property=\"og:description\" content=\"F\u00e9lix Sol\u00eds S.L. est une entreprise familiale consacr\u00e9e \u00e0 la production de vins de qualit\u00e9, de jus de raisin et de sangria. L\u2019entreprise poss\u00e8de deux domaines dans les deux appellations les plus importantes du centre de l\u2019Espagne : Valdepe\u00f1as et La Mancha.\" \/>\n<meta property=\"og:url\" content=\"https:\/\/felixsolis.vanadysdev.com\/fr\/\" \/>\n<meta property=\"og:site_name\" content=\"F\u00e9lix Sol\u00eds\" \/>\n<meta property=\"article:modified_time\" content=\"2024-11-19T14:58:36+00:00\" \/>\n<meta name=\"twitter:card\" content=\"summary_large_image\" \/>\n<script type=\"application\/ld+json\" class=\"yoast-schema-graph\">{\"@context\":\"https:\/\/schema.org\",\"@graph\":[{\"@type\":\"WebPage\",\"@id\":\"https:\/\/felixsolis.vanadysdev.com\/fr\/\",\"url\":\"https:\/\/felixsolis.vanadysdev.com\/fr\/\",\"name\":\"Home | F\u00e9lix Sol\u00eds\",\"isPartOf\":{\"@id\":\"https:\/\/felixsolis.vanadysdev.com\/#website\"},\"datePublished\":\"2016-05-03T06:55:50+00:00\",\"dateModified\":\"2024-11-19T14:58:36+00:00\",\"description\":\"F\u00e9lix Sol\u00eds S.L. est une entreprise familiale consacr\u00e9e \u00e0 la production de vins de qualit\u00e9, de jus de raisin et de sangria. L\u2019entreprise poss\u00e8de deux domaines dans les deux appellations les plus importantes du centre de l\u2019Espagne : Valdepe\u00f1as et La Mancha.\",\"breadcrumb\":{\"@id\":\"https:\/\/felixsolis.vanadysdev.com\/fr\/#breadcrumb\"},\"inLanguage\":\"fr-FR\",\"potentialAction\":[{\"@type\":\"ReadAction\",\"target\":[\"https:\/\/felixsolis.vanadysdev.com\/fr\/\"]}]},{\"@type\":\"BreadcrumbList\",\"@id\":\"https:\/\/felixsolis.vanadysdev.com\/fr\/#breadcrumb\",\"itemListElement\":[{\"@type\":\"ListItem\",\"position\":1,\"name\":\"Portada\",\"item\":\"https:\/\/felixsolis.vanadysdev.com\/fr\/\"},{\"@type\":\"ListItem\",\"position\":2,\"name\":\"Home\"}]},{\"@type\":\"WebSite\",\"@id\":\"https:\/\/felixsolis.vanadysdev.com\/#website\",\"url\":\"https:\/\/felixsolis.vanadysdev.com\/\",\"name\":\"F\u00e9lix Sol\u00eds\",\"description\":\"\",\"potentialAction\":[{\"@type\":\"SearchAction\",\"target\":{\"@type\":\"EntryPoint\",\"urlTemplate\":\"https:\/\/felixsolis.vanadysdev.com\/?s={search_term_string}\"},\"query-input\":\"required name=search_term_string\"}],\"inLanguage\":\"fr-FR\"}]}<\/script>\n<!-- \/ Yoast SEO plugin. -->","yoast_head_json":{"title":"Home | F\u00e9lix Sol\u00eds","description":"F\u00e9lix Sol\u00eds S.L. est une entreprise familiale consacr\u00e9e \u00e0 la production de vins de qualit\u00e9, de jus de raisin et de sangria. L\u2019entreprise poss\u00e8de deux domaines dans les deux appellations les plus importantes du centre de l\u2019Espagne : Valdepe\u00f1as et La Mancha.","robots":{"index":"index","follow":"follow","max-snippet":"max-snippet:-1","max-image-preview":"max-image-preview:large","max-video-preview":"max-video-preview:-1"},"canonical":"https:\/\/felixsolis.vanadysdev.com\/fr\/","og_locale":"fr_FR","og_type":"article","og_title":"Home | F\u00e9lix Sol\u00eds","og_description":"F\u00e9lix Sol\u00eds S.L. est une entreprise familiale consacr\u00e9e \u00e0 la production de vins de qualit\u00e9, de jus de raisin et de sangria. L\u2019entreprise poss\u00e8de deux domaines dans les deux appellations les plus importantes du centre de l\u2019Espagne : Valdepe\u00f1as et La Mancha.","og_url":"https:\/\/felixsolis.vanadysdev.com\/fr\/","og_site_name":"F\u00e9lix Sol\u00eds","article_modified_time":"2024-11-19T14:58:36+00:00","twitter_card":"summary_large_image","schema":{"@context":"https:\/\/schema.org","@graph":[{"@type":"WebPage","@id":"https:\/\/felixsolis.vanadysdev.com\/fr\/","url":"https:\/\/felixsolis.vanadysdev.com\/fr\/","name":"Home | F\u00e9lix Sol\u00eds","isPartOf":{"@id":"https:\/\/felixsolis.vanadysdev.com\/#website"},"datePublished":"2016-05-03T06:55:50+00:00","dateModified":"2024-11-19T14:58:36+00:00","description":"F\u00e9lix Sol\u00eds S.L. est une entreprise familiale consacr\u00e9e \u00e0 la production de vins de qualit\u00e9, de jus de raisin et de sangria. L\u2019entreprise poss\u00e8de deux domaines dans les deux appellations les plus importantes du centre de l\u2019Espagne : Valdepe\u00f1as et La Mancha.","breadcrumb":{"@id":"https:\/\/felixsolis.vanadysdev.com\/fr\/#breadcrumb"},"inLanguage":"fr-FR","potentialAction":[{"@type":"ReadAction","target":["https:\/\/felixsolis.vanadysdev.com\/fr\/"]}]},{"@type":"BreadcrumbList","@id":"https:\/\/felixsolis.vanadysdev.com\/fr\/#breadcrumb","itemListElement":[{"@type":"ListItem","position":1,"name":"Portada","item":"https:\/\/felixsolis.vanadysdev.com\/fr\/"},{"@type":"ListItem","position":2,"name":"Home"}]},{"@type":"WebSite","@id":"https:\/\/felixsolis.vanadysdev.com\/#website","url":"https:\/\/felixsolis.vanadysdev.com\/","name":"F\u00e9lix Sol\u00eds","description":"","potentialAction":[{"@type":"SearchAction","target":{"@type":"EntryPoint","urlTemplate":"https:\/\/felixsolis.vanadysdev.com\/?s={search_term_string}"},"query-input":"required name=search_term_string"}],"inLanguage":"fr-FR"}]}},"_links":{"self":[{"href":"https:\/\/felixsolis.vanadysdev.com\/fr\/wp-json\/wp\/v2\/pages\/37926"}],"collection":[{"href":"https:\/\/felixsolis.vanadysdev.com\/fr\/wp-json\/wp\/v2\/pages"}],"about":[{"href":"https:\/\/felixsolis.vanadysdev.com\/fr\/wp-json\/wp\/v2\/types\/page"}],"author":[{"embeddable":true,"href":"https:\/\/felixsolis.vanadysdev.com\/fr\/wp-json\/wp\/v2\/users\/4"}],"replies":[{"embeddable":true,"href":"https:\/\/felixsolis.vanadysdev.com\/fr\/wp-json\/wp\/v2\/comments?post=37926"}],"version-history":[{"count":3,"href":"https:\/\/felixsolis.vanadysdev.com\/fr\/wp-json\/wp\/v2\/pages\/37926\/revisions"}],"predecessor-version":[{"id":74298,"href":"https:\/\/felixsolis.vanadysdev.com\/fr\/wp-json\/wp\/v2\/pages\/37926\/revisions\/74298"}],"wp:attachment":[{"href":"https:\/\/felixsolis.vanadysdev.com\/fr\/wp-json\/wp\/v2\/media?parent=37926"}],"curies":[{"name":"wp","href":"https:\/\/api.w.org\/{rel}","templated":true}]}}