{"id":57017,"date":"2021-08-09T09:55:08","date_gmt":"2021-08-09T09:55:08","guid":{"rendered":"https:\/\/www.felixsolis.com\/politica-de-cookies\/"},"modified":"2021-08-09T11:05:28","modified_gmt":"2021-08-09T11:05:28","slug":"politica-de-cookies","status":"publish","type":"page","link":"https:\/\/felixsolis.vanadysdev.com\/en\/politica-de-cookies\/","title":{"rendered":"Pol\u00edtica de cookies"},"content":{"rendered":"\n<p>La reciente modificaci\u00f3n normativa en materia de publicidad y gesti\u00f3n del consentimiento para la utilizaci\u00f3n de cookies, p\u00edxeles u otros elementos de almacenamiento de informaci\u00f3n conlleva la obligaci\u00f3n de los sitios web a adaptarse a la nueva normativa sobre cookies de&nbsp;<a href=\"http:\/\/www.boe.es\/boe\/dias\/2002\/07\/12\/pdfs\/A25388-25403.pdf\">la Ley 34\/2002, de servicios de la sociedad de la informaci\u00f3n y comercio electr\u00f3nico<\/a>.<\/p>\n\n\n\n<p>La descarga de este tipo de elementos, suponen la capacidad para recopilar informaci\u00f3n de la actividad del usuario y tiene implicaciones en relaci\u00f3n con su privacidad.<br>Por ello, la nueva normativa impone la obligaci\u00f3n de obtener el consentimiento informado de los usuarios para aceptar la utilizaci\u00f3n de cookies en los sitios web.<\/p>\n\n\n\n<p><strong>\u00bfQu\u00e9 es una cookie?<\/strong><br>Las cookies son peque\u00f1o ficheros que se descarga en tu ordenador cuando navegas por sitios web. Un ejemplo sencillo ser\u00eda cuando entras en la p\u00e1gina de una cuenta de correo electr\u00f3nico web como Gmail, Outlook o Yahoo Mail.<\/p>\n\n\n\n<p>Las cookies permiten a un sitio web reconocer el navegador de un usuario y no contienen ni recopilan informaci\u00f3n. Se usan, por ejemplo, para mantener en usuario autenticado en una cuenta como las anteriores sin que sea necesario que se autentique cada vez que acceda a su cuenta. Otro ejemplo es la publicidad, donde bas\u00e1ndose en anuncios que haya visitado el usuario previamente, se le intentan ofrecer anuncios m\u00e1s relevantes.<\/p>\n\n\n\n<p>En F\u00e9lix Sol\u00eds Avantis utilizamos los siguientes tipos de cookies propias y de terceros que podr\u00e1s configurar en el men\u00fa correspondiente. Diferenciamos los siguientes tipos de cookies:<\/p>\n\n\n\n<ul><li><strong>Estrictamente necesarias<\/strong>:Permiten la interactuaci\u00f3n del usuario por el sitio web utilizando todas sus funciones. (Duraci\u00f3n entre 23 d\u00edas y 3 meses)&nbsp;<\/li><li><strong>Rendimiento y an\u00e1lisis<\/strong>: son cookies utilizadas para el an\u00e1lisis y estad\u00edsticas que mejoran la experiencia del sitio web. Mediante el uso de estas cookies se puede mostrar informaci\u00f3n m\u00e1s relevante a los visitantes. (Duraci\u00f3n entre 100 d\u00edas y 1 a\u00f1o).<\/li><li>&nbsp;<strong>Publicitarias y comportamentales:<\/strong>&nbsp;permiten la gesti\u00f3n de los espacios publicitarios y almacenar informaci\u00f3n sobre los h\u00e1bitos de navegaci\u00f3n y mostrar publicidad asociada a cada perfil de navegaci\u00f3n. (Duraci\u00f3n entre 30 minutos y 1 a\u00f1o).<\/li><\/ul>\n\n\n\n<p>As\u00ed mismo,&nbsp;<a href=\"http:\/\/avueltasconelmarketing.com\/tag\/google-analytics\/\">Google Analytics<\/a>&nbsp;habilita en el dominio del sitio web las siguientes cookies:<\/p>\n\n\n\n<figure class=\"wp-block-table\"><table><thead><tr><th scope=\"col\">Cookie<\/th><th scope=\"col\">Descripci\u00f3n<\/th><th scope=\"col\">Duraci\u00f3n<\/th><th scope=\"col\">Tipo<\/th><\/tr><\/thead><tbody><tr><td>__utma<\/td><td>Es necesaria para el funcionamiento de Google Analytics y tiene un periodo de caducidad de 2 a\u00f1os.<\/td><td>2 a\u00f1os<\/td><td>Analytics<\/td><\/tr><tr><td>__utmz<\/td><td>Es utilizada para realizar la ubicaci\u00f3n de la visita, es decir, desde d\u00f3nde y c\u00f3mo ha llegado el usuario<br>a nuestra web y caduca a los 6 meses.<\/td><td>6 meses<\/td><td>Analytics<\/td><\/tr><\/tbody><\/table><\/figure>\n\n\n\n<p>El objetivo es recopilar estad\u00edsticas: el n\u00famero de visitas, el per\u00edodo de consultas, el buscador utilizado para acceder al sitio web, las palabras clave utilizadas, la ubicaci\u00f3n global del visitante, los contenidos visitados en el sitio web, as\u00ed como otros par\u00e1metros del tr\u00e1fico en el sitio web, siempre desde el anonimato.<\/p>\n\n\n\n<p>Google almacena esta informaci\u00f3n recogida por las cookies de manera que no se identifica a ning\u00fan usuario. Tampoco se asocia su direcci\u00f3n de IP con cualquier otra informaci\u00f3n de la que disponga. Adem\u00e1s, Google Inc. es una empresa que se encuentra adherida al&nbsp;<a href=\"http:\/\/eur-lex.europa.eu\/legal-content\/es\/ALL\/;ELX_SESSIONID=3XJZJrqQm2hQvSPk0GZdXvGcCnkjjJypQYpkP1G91DJrpZFDLrm1!187223113\">Acuerdo de Puerto Seguro<\/a>. Dicho acuerdo garantiza que los datos transferidos ser\u00e1n tratados conforme a los niveles de protecci\u00f3n de la normativa europea. Para obtener m\u00e1s informaci\u00f3n acerca de Google Analytics puede dirigirse al&nbsp;<a href=\"http:\/\/www.google.com\/analytics\/\">siguiente enlace<\/a>.<\/p>\n\n\n\n<p>A partir de la opci\u00f3n que tome acerca del uso de cookies en este sitio web, se le enviar\u00e1 una cookie adicional para salvaguardar su elecci\u00f3n y que no tenga que aceptar el uso de cookies cada vez que acceda a este sitio web.<\/p>\n\n\n\n<p><strong>\u00bfC\u00f3mo desactivar las cookies?<\/strong><br>Todos los navegadores permiten hacer cambios que permiten desactivar la configuraci\u00f3n de las cookies. Estos ajustes se encuentran ubicados en las \u201copciones\u201d o \u201cpreferencias\u201d del&nbsp;<strong>men\u00fa de su navegador<\/strong>.<\/p>\n\n\n\n<p>A continuaci\u00f3n te dejamos los enlaces con instrucciones para diferentes navegadores donde ver\u00e1s c\u00f3mo deshabilitar las cookies.<\/p>\n\n\n\n<p>No obstante, recuerda que inhabilitar cookies implica perder funcionalidad en muchos sitios web.<\/p>\n\n\n\n<ul><li>Instrucciones para&nbsp;<a href=\"http:\/\/support.microsoft.com\/kb\/196955\">Internet Explorer<\/a><\/li><li>Instrucciones para&nbsp;<a href=\"https:\/\/support.mozilla.org\/en-US\/kb\/cookies-information-websites-store-on-your-computer?redirectlocale=en-US&amp;redirectslug=Cookies\">Mozilla Firefox<\/a><\/li><li>Instrucciones para&nbsp;<a href=\"https:\/\/support.google.com\/chrome\/answer\/95647?hl=en\">Google Chrome<\/a><\/li><li>Instrucciones para&nbsp;<a href=\"http:\/\/support.apple.com\/kb\/PH5042\">Safari<\/a><\/li><\/ul>\n\n\n\n<p>Si desea no deseas ser rastreado por las cookies, Google ha desarrollado un complemento para instalar en su navegador al que puede acceder en el&nbsp;<a href=\"https:\/\/tools.google.com\/dlpage\/gaoptout\">siguiente enlace<\/a>.<br>M\u00e1s informaci\u00f3n en la&nbsp;<a href=\"http:\/\/www.agpd.es\/portalwebAGPD\/revista_prensa\/revista_prensa\/2013\/notas_prensa\/news\/2013_04_29-ides-idphp.php\">Gu\u00eda de Uso de Cookies<\/a>&nbsp;desarrollada por la&nbsp;<a href=\"http:\/\/www.agpd.es\/portalwebAGPD\/index-ides-idphp.php\">Agencia Espa\u00f1ola de Protecci\u00f3n de Datos<\/a>.<\/p>\n","protected":false},"excerpt":{"rendered":"<p>La reciente modificaci\u00f3n normativa en materia de publicidad y gesti\u00f3n del consentimiento para la utilizaci\u00f3n de cookies, p\u00edxeles u otros elementos de almacenamiento de informaci\u00f3n conlleva la obligaci\u00f3n de los sitios web a adaptarse a la nueva normativa sobre cookies de&nbsp;la Ley 34\/2002, de servicios de la sociedad de la informaci\u00f3n y comercio electr\u00f3nico. La descarga de este tipo de elementos, suponen la capacidad para recopilar informaci\u00f3n de la actividad del usuario y tiene implicaciones en relaci\u00f3n con su privacidad.Por ello, la nueva normativa impone la obligaci\u00f3n de obtener el consentimiento informado de los usuarios para aceptar la utilizaci\u00f3n de cookies en los sitios web. \u00bfQu\u00e9 es una cookie?Las cookies [&hellip;]<\/p>\n","protected":false},"author":11,"featured_media":37516,"parent":0,"menu_order":0,"comment_status":"closed","ping_status":"closed","template":"page-general.php","meta":{"footnotes":""},"acf":[],"yoast_head":"<!-- This site is optimized with the Yoast SEO plugin v21.5 - https:\/\/yoast.com\/wordpress\/plugins\/seo\/ -->\n<title>Pol\u00edtica de cookies | F\u00e9lix Sol\u00eds<\/title>\n<meta name=\"robots\" content=\"index, follow, max-snippet:-1, max-image-preview:large, max-video-preview:-1\" \/>\n<link rel=\"canonical\" href=\"https:\/\/felixsolis.vanadysdev.com\/en\/politica-de-cookies\/\" \/>\n<meta property=\"og:locale\" content=\"en_US\" \/>\n<meta property=\"og:type\" content=\"article\" \/>\n<meta property=\"og:title\" content=\"Pol\u00edtica de cookies | F\u00e9lix Sol\u00eds\" \/>\n<meta property=\"og:description\" content=\"La reciente modificaci\u00f3n normativa en materia de publicidad y gesti\u00f3n del consentimiento para la utilizaci\u00f3n de cookies, p\u00edxeles u otros elementos de almacenamiento de informaci\u00f3n conlleva la obligaci\u00f3n de los sitios web a adaptarse a la nueva normativa sobre cookies de&nbsp;la Ley 34\/2002, de servicios de la sociedad de la informaci\u00f3n y comercio electr\u00f3nico. La descarga de este tipo de elementos, suponen la capacidad para recopilar informaci\u00f3n de la actividad del usuario y tiene implicaciones en relaci\u00f3n con su privacidad.Por ello, la nueva normativa impone la obligaci\u00f3n de obtener el consentimiento informado de los usuarios para aceptar la utilizaci\u00f3n de cookies en los sitios web. \u00bfQu\u00e9 es una cookie?Las cookies [&hellip;]\" \/>\n<meta property=\"og:url\" content=\"https:\/\/felixsolis.vanadysdev.com\/en\/politica-de-cookies\/\" \/>\n<meta property=\"og:site_name\" content=\"F\u00e9lix Sol\u00eds\" \/>\n<meta property=\"article:modified_time\" content=\"2021-08-09T11:05:28+00:00\" \/>\n<meta property=\"og:image\" content=\"https:\/\/felixsolis.vanadysdev.com\/app\/uploads\/2014\/09\/home_03.jpg\" \/>\n\t<meta property=\"og:image:width\" content=\"1920\" \/>\n\t<meta property=\"og:image:height\" content=\"1080\" \/>\n\t<meta property=\"og:image:type\" content=\"image\/jpeg\" \/>\n<meta name=\"twitter:card\" content=\"summary_large_image\" \/>\n<meta name=\"twitter:label1\" content=\"Est. reading time\" \/>\n\t<meta name=\"twitter:data1\" content=\"4 minutes\" \/>\n<script type=\"application\/ld+json\" class=\"yoast-schema-graph\">{\"@context\":\"https:\/\/schema.org\",\"@graph\":[{\"@type\":\"WebPage\",\"@id\":\"https:\/\/felixsolis.vanadysdev.com\/en\/politica-de-cookies\/\",\"url\":\"https:\/\/felixsolis.vanadysdev.com\/en\/politica-de-cookies\/\",\"name\":\"Pol\u00edtica de cookies | F\u00e9lix Sol\u00eds\",\"isPartOf\":{\"@id\":\"https:\/\/felixsolis.vanadysdev.com\/#website\"},\"datePublished\":\"2021-08-09T09:55:08+00:00\",\"dateModified\":\"2021-08-09T11:05:28+00:00\",\"breadcrumb\":{\"@id\":\"https:\/\/felixsolis.vanadysdev.com\/en\/politica-de-cookies\/#breadcrumb\"},\"inLanguage\":\"en-US\",\"potentialAction\":[{\"@type\":\"ReadAction\",\"target\":[\"https:\/\/felixsolis.vanadysdev.com\/en\/politica-de-cookies\/\"]}]},{\"@type\":\"BreadcrumbList\",\"@id\":\"https:\/\/felixsolis.vanadysdev.com\/en\/politica-de-cookies\/#breadcrumb\",\"itemListElement\":[{\"@type\":\"ListItem\",\"position\":1,\"name\":\"Portada\",\"item\":\"https:\/\/felixsolis.vanadysdev.com\/en\/home\/\"},{\"@type\":\"ListItem\",\"position\":2,\"name\":\"Pol\u00edtica de cookies\"}]},{\"@type\":\"WebSite\",\"@id\":\"https:\/\/felixsolis.vanadysdev.com\/#website\",\"url\":\"https:\/\/felixsolis.vanadysdev.com\/\",\"name\":\"F\u00e9lix Sol\u00eds\",\"description\":\"\",\"potentialAction\":[{\"@type\":\"SearchAction\",\"target\":{\"@type\":\"EntryPoint\",\"urlTemplate\":\"https:\/\/felixsolis.vanadysdev.com\/?s={search_term_string}\"},\"query-input\":\"required name=search_term_string\"}],\"inLanguage\":\"en-US\"}]}<\/script>\n<!-- \/ Yoast SEO plugin. -->","yoast_head_json":{"title":"Pol\u00edtica de cookies | F\u00e9lix Sol\u00eds","robots":{"index":"index","follow":"follow","max-snippet":"max-snippet:-1","max-image-preview":"max-image-preview:large","max-video-preview":"max-video-preview:-1"},"canonical":"https:\/\/felixsolis.vanadysdev.com\/en\/politica-de-cookies\/","og_locale":"en_US","og_type":"article","og_title":"Pol\u00edtica de cookies | F\u00e9lix Sol\u00eds","og_description":"La reciente modificaci\u00f3n normativa en materia de publicidad y gesti\u00f3n del consentimiento para la utilizaci\u00f3n de cookies, p\u00edxeles u otros elementos de almacenamiento de informaci\u00f3n conlleva la obligaci\u00f3n de los sitios web a adaptarse a la nueva normativa sobre cookies de&nbsp;la Ley 34\/2002, de servicios de la sociedad de la informaci\u00f3n y comercio electr\u00f3nico. La descarga de este tipo de elementos, suponen la capacidad para recopilar informaci\u00f3n de la actividad del usuario y tiene implicaciones en relaci\u00f3n con su privacidad.Por ello, la nueva normativa impone la obligaci\u00f3n de obtener el consentimiento informado de los usuarios para aceptar la utilizaci\u00f3n de cookies en los sitios web. \u00bfQu\u00e9 es una cookie?Las cookies [&hellip;]","og_url":"https:\/\/felixsolis.vanadysdev.com\/en\/politica-de-cookies\/","og_site_name":"F\u00e9lix Sol\u00eds","article_modified_time":"2021-08-09T11:05:28+00:00","og_image":[{"width":1920,"height":1080,"url":"https:\/\/felixsolis.vanadysdev.com\/app\/uploads\/2014\/09\/home_03.jpg","type":"image\/jpeg"}],"twitter_card":"summary_large_image","twitter_misc":{"Est. reading time":"4 minutes"},"schema":{"@context":"https:\/\/schema.org","@graph":[{"@type":"WebPage","@id":"https:\/\/felixsolis.vanadysdev.com\/en\/politica-de-cookies\/","url":"https:\/\/felixsolis.vanadysdev.com\/en\/politica-de-cookies\/","name":"Pol\u00edtica de cookies | F\u00e9lix Sol\u00eds","isPartOf":{"@id":"https:\/\/felixsolis.vanadysdev.com\/#website"},"datePublished":"2021-08-09T09:55:08+00:00","dateModified":"2021-08-09T11:05:28+00:00","breadcrumb":{"@id":"https:\/\/felixsolis.vanadysdev.com\/en\/politica-de-cookies\/#breadcrumb"},"inLanguage":"en-US","potentialAction":[{"@type":"ReadAction","target":["https:\/\/felixsolis.vanadysdev.com\/en\/politica-de-cookies\/"]}]},{"@type":"BreadcrumbList","@id":"https:\/\/felixsolis.vanadysdev.com\/en\/politica-de-cookies\/#breadcrumb","itemListElement":[{"@type":"ListItem","position":1,"name":"Portada","item":"https:\/\/felixsolis.vanadysdev.com\/en\/home\/"},{"@type":"ListItem","position":2,"name":"Pol\u00edtica de cookies"}]},{"@type":"WebSite","@id":"https:\/\/felixsolis.vanadysdev.com\/#website","url":"https:\/\/felixsolis.vanadysdev.com\/","name":"F\u00e9lix Sol\u00eds","description":"","potentialAction":[{"@type":"SearchAction","target":{"@type":"EntryPoint","urlTemplate":"https:\/\/felixsolis.vanadysdev.com\/?s={search_term_string}"},"query-input":"required name=search_term_string"}],"inLanguage":"en-US"}]}},"_links":{"self":[{"href":"https:\/\/felixsolis.vanadysdev.com\/en\/wp-json\/wp\/v2\/pages\/57017"}],"collection":[{"href":"https:\/\/felixsolis.vanadysdev.com\/en\/wp-json\/wp\/v2\/pages"}],"about":[{"href":"https:\/\/felixsolis.vanadysdev.com\/en\/wp-json\/wp\/v2\/types\/page"}],"author":[{"embeddable":true,"href":"https:\/\/felixsolis.vanadysdev.com\/en\/wp-json\/wp\/v2\/users\/11"}],"replies":[{"embeddable":true,"href":"https:\/\/felixsolis.vanadysdev.com\/en\/wp-json\/wp\/v2\/comments?post=57017"}],"version-history":[{"count":1,"href":"https:\/\/felixsolis.vanadysdev.com\/en\/wp-json\/wp\/v2\/pages\/57017\/revisions"}],"predecessor-version":[{"id":57022,"href":"https:\/\/felixsolis.vanadysdev.com\/en\/wp-json\/wp\/v2\/pages\/57017\/revisions\/57022"}],"wp:featuredmedia":[{"embeddable":true,"href":"https:\/\/felixsolis.vanadysdev.com\/en\/wp-json\/wp\/v2\/media\/37516"}],"wp:attachment":[{"href":"https:\/\/felixsolis.vanadysdev.com\/en\/wp-json\/wp\/v2\/media?parent=57017"}],"curies":[{"name":"wp","href":"https:\/\/api.w.org\/{rel}","templated":true}]}}