{"id":37928,"date":"2017-06-27T16:20:56","date_gmt":"2017-06-27T16:20:56","guid":{"rendered":"http:\/\/www.felixsolis.com\/home\/"},"modified":"2024-11-19T14:57:51","modified_gmt":"2024-11-19T14:57:51","slug":"home","status":"publish","type":"page","link":"https:\/\/felixsolis.vanadysdev.com\/de\/","title":{"rendered":"Home"},"content":{"rendered":"","protected":false},"excerpt":{"rendered":"","protected":false},"author":4,"featured_media":0,"parent":0,"menu_order":-1,"comment_status":"open","ping_status":"open","template":"page-home.php","meta":{"footnotes":""},"acf":[],"yoast_head":"<!-- This site is optimized with the Yoast SEO plugin v21.5 - https:\/\/yoast.com\/wordpress\/plugins\/seo\/ -->\n<title>Home | F\u00e9lix Sol\u00eds<\/title>\n<meta name=\"description\" content=\"F\u00e9lix Sol\u00eds S.L. ist ein Familienbetrieb, der sich der Herstellung von Qualit\u00e4tsweinen, Traubensaft und Sangr\u00eda widmet. Das Unternehmen besitzt zwei Weinkellereien in den wichtigsten Herkunftsbezeichnungen im Zentrum Spaniens: Valdepe\u00f1as und La Mancha.\" \/>\n<meta name=\"robots\" content=\"index, follow, max-snippet:-1, max-image-preview:large, max-video-preview:-1\" \/>\n<link rel=\"canonical\" href=\"https:\/\/felixsolis.vanadysdev.com\/de\/home\/\" \/>\n<meta property=\"og:locale\" content=\"de_DE\" \/>\n<meta property=\"og:type\" content=\"article\" \/>\n<meta property=\"og:title\" content=\"Home | F\u00e9lix Sol\u00eds\" \/>\n<meta property=\"og:description\" content=\"F\u00e9lix Sol\u00eds S.L. ist ein Familienbetrieb, der sich der Herstellung von Qualit\u00e4tsweinen, Traubensaft und Sangr\u00eda widmet. Das Unternehmen besitzt zwei Weinkellereien in den wichtigsten Herkunftsbezeichnungen im Zentrum Spaniens: Valdepe\u00f1as und La Mancha.\" \/>\n<meta property=\"og:url\" content=\"https:\/\/felixsolis.vanadysdev.com\/de\/home\/\" \/>\n<meta property=\"og:site_name\" content=\"F\u00e9lix Sol\u00eds\" \/>\n<meta property=\"article:modified_time\" content=\"2024-11-19T14:57:51+00:00\" \/>\n<meta name=\"twitter:card\" content=\"summary_large_image\" \/>\n<script type=\"application\/ld+json\" class=\"yoast-schema-graph\">{\"@context\":\"https:\/\/schema.org\",\"@graph\":[{\"@type\":\"WebPage\",\"@id\":\"https:\/\/felixsolis.vanadysdev.com\/de\/home\/\",\"url\":\"https:\/\/felixsolis.vanadysdev.com\/de\/home\/\",\"name\":\"Home | F\u00e9lix Sol\u00eds\",\"isPartOf\":{\"@id\":\"https:\/\/felixsolis.vanadysdev.com\/#website\"},\"datePublished\":\"2017-06-27T16:20:56+00:00\",\"dateModified\":\"2024-11-19T14:57:51+00:00\",\"description\":\"F\u00e9lix Sol\u00eds S.L. ist ein Familienbetrieb, der sich der Herstellung von Qualit\u00e4tsweinen, Traubensaft und Sangr\u00eda widmet. Das Unternehmen besitzt zwei Weinkellereien in den wichtigsten Herkunftsbezeichnungen im Zentrum Spaniens: Valdepe\u00f1as und La Mancha.\",\"breadcrumb\":{\"@id\":\"https:\/\/felixsolis.vanadysdev.com\/de\/home\/#breadcrumb\"},\"inLanguage\":\"de-DE\",\"potentialAction\":[{\"@type\":\"ReadAction\",\"target\":[\"https:\/\/felixsolis.vanadysdev.com\/de\/home\/\"]}]},{\"@type\":\"BreadcrumbList\",\"@id\":\"https:\/\/felixsolis.vanadysdev.com\/de\/home\/#breadcrumb\",\"itemListElement\":[{\"@type\":\"ListItem\",\"position\":1,\"name\":\"Portada\",\"item\":\"https:\/\/felixsolis.vanadysdev.com\/de\/home\/\"},{\"@type\":\"ListItem\",\"position\":2,\"name\":\"Home\"}]},{\"@type\":\"WebSite\",\"@id\":\"https:\/\/felixsolis.vanadysdev.com\/#website\",\"url\":\"https:\/\/felixsolis.vanadysdev.com\/\",\"name\":\"F\u00e9lix Sol\u00eds\",\"description\":\"\",\"potentialAction\":[{\"@type\":\"SearchAction\",\"target\":{\"@type\":\"EntryPoint\",\"urlTemplate\":\"https:\/\/felixsolis.vanadysdev.com\/?s={search_term_string}\"},\"query-input\":\"required name=search_term_string\"}],\"inLanguage\":\"de-DE\"}]}<\/script>\n<!-- \/ Yoast SEO plugin. -->","yoast_head_json":{"title":"Home | F\u00e9lix Sol\u00eds","description":"F\u00e9lix Sol\u00eds S.L. ist ein Familienbetrieb, der sich der Herstellung von Qualit\u00e4tsweinen, Traubensaft und Sangr\u00eda widmet. Das Unternehmen besitzt zwei Weinkellereien in den wichtigsten Herkunftsbezeichnungen im Zentrum Spaniens: Valdepe\u00f1as und La Mancha.","robots":{"index":"index","follow":"follow","max-snippet":"max-snippet:-1","max-image-preview":"max-image-preview:large","max-video-preview":"max-video-preview:-1"},"canonical":"https:\/\/felixsolis.vanadysdev.com\/de\/home\/","og_locale":"de_DE","og_type":"article","og_title":"Home | F\u00e9lix Sol\u00eds","og_description":"F\u00e9lix Sol\u00eds S.L. ist ein Familienbetrieb, der sich der Herstellung von Qualit\u00e4tsweinen, Traubensaft und Sangr\u00eda widmet. Das Unternehmen besitzt zwei Weinkellereien in den wichtigsten Herkunftsbezeichnungen im Zentrum Spaniens: Valdepe\u00f1as und La Mancha.","og_url":"https:\/\/felixsolis.vanadysdev.com\/de\/home\/","og_site_name":"F\u00e9lix Sol\u00eds","article_modified_time":"2024-11-19T14:57:51+00:00","twitter_card":"summary_large_image","schema":{"@context":"https:\/\/schema.org","@graph":[{"@type":"WebPage","@id":"https:\/\/felixsolis.vanadysdev.com\/de\/home\/","url":"https:\/\/felixsolis.vanadysdev.com\/de\/home\/","name":"Home | F\u00e9lix Sol\u00eds","isPartOf":{"@id":"https:\/\/felixsolis.vanadysdev.com\/#website"},"datePublished":"2017-06-27T16:20:56+00:00","dateModified":"2024-11-19T14:57:51+00:00","description":"F\u00e9lix Sol\u00eds S.L. ist ein Familienbetrieb, der sich der Herstellung von Qualit\u00e4tsweinen, Traubensaft und Sangr\u00eda widmet. Das Unternehmen besitzt zwei Weinkellereien in den wichtigsten Herkunftsbezeichnungen im Zentrum Spaniens: Valdepe\u00f1as und La Mancha.","breadcrumb":{"@id":"https:\/\/felixsolis.vanadysdev.com\/de\/home\/#breadcrumb"},"inLanguage":"de-DE","potentialAction":[{"@type":"ReadAction","target":["https:\/\/felixsolis.vanadysdev.com\/de\/home\/"]}]},{"@type":"BreadcrumbList","@id":"https:\/\/felixsolis.vanadysdev.com\/de\/home\/#breadcrumb","itemListElement":[{"@type":"ListItem","position":1,"name":"Portada","item":"https:\/\/felixsolis.vanadysdev.com\/de\/home\/"},{"@type":"ListItem","position":2,"name":"Home"}]},{"@type":"WebSite","@id":"https:\/\/felixsolis.vanadysdev.com\/#website","url":"https:\/\/felixsolis.vanadysdev.com\/","name":"F\u00e9lix Sol\u00eds","description":"","potentialAction":[{"@type":"SearchAction","target":{"@type":"EntryPoint","urlTemplate":"https:\/\/felixsolis.vanadysdev.com\/?s={search_term_string}"},"query-input":"required name=search_term_string"}],"inLanguage":"de-DE"}]}},"_links":{"self":[{"href":"https:\/\/felixsolis.vanadysdev.com\/de\/wp-json\/wp\/v2\/pages\/37928"}],"collection":[{"href":"https:\/\/felixsolis.vanadysdev.com\/de\/wp-json\/wp\/v2\/pages"}],"about":[{"href":"https:\/\/felixsolis.vanadysdev.com\/de\/wp-json\/wp\/v2\/types\/page"}],"author":[{"embeddable":true,"href":"https:\/\/felixsolis.vanadysdev.com\/de\/wp-json\/wp\/v2\/users\/4"}],"replies":[{"embeddable":true,"href":"https:\/\/felixsolis.vanadysdev.com\/de\/wp-json\/wp\/v2\/comments?post=37928"}],"version-history":[{"count":4,"href":"https:\/\/felixsolis.vanadysdev.com\/de\/wp-json\/wp\/v2\/pages\/37928\/revisions"}],"predecessor-version":[{"id":74296,"href":"https:\/\/felixsolis.vanadysdev.com\/de\/wp-json\/wp\/v2\/pages\/37928\/revisions\/74296"}],"wp:attachment":[{"href":"https:\/\/felixsolis.vanadysdev.com\/de\/wp-json\/wp\/v2\/media?parent=37928"}],"curies":[{"name":"wp","href":"https:\/\/api.w.org\/{rel}","templated":true}]}}