{"id":10749,"date":"2017-07-31T08:23:01","date_gmt":"2017-07-31T08:23:01","guid":{"rendered":"http:\/\/www.felixsolis.com\/de\/rechtlicher-hinweis\/"},"modified":"2019-10-22T10:20:19","modified_gmt":"2019-10-22T10:20:19","slug":"rechtlicher-hinweis","status":"publish","type":"page","link":"https:\/\/felixsolis.vanadysdev.com\/de\/rechtlicher-hinweis\/","title":{"rendered":"Rechtlicher Hinweis"},"content":{"rendered":"<p>F\u00e9lix Sol\u00eds Avantis S.A. verwendet die von Ihnen bereitgestellten Informationen gem\u00e4\u00df spanischem Organgesetz 2016\/679 (L.O.P.D) \u00fcber den Schutz personenbezogener Daten.<\/p>\n<p>Der gesamte Inhalt dieser Website und insbesondere die Marken, Handelsnamen, gewerblichen Designs, Designs, Texte, Bilder, Zeichnungen, Logos, Icons, Softwareprogramme und sonstigen Symbole, die f\u00fcr den gewerblichen und kommerziellen Gebrauch vorgesehen sind, sind urheberrechtlich gesch\u00fctzt durch F\u00e9lix Sol\u00eds Avantis S.A. oder Dritte, welche Eigent\u00fcmer dieser Symbole sind und ihre Verwendung auf dieser Website genehmigt haben. Folglich ist es untersagt diese Symbole ohne die ausdr\u00fcckliche Genehmigung von F\u00e9lix Sol\u00eds Avantis S.A. in jeglichem Medium, einschlie\u00dflich dem Internet (Domain Namen, Soziale Netzwerke, Blogs usw.) zu verwenden und\/oder wiederzugeben.<\/p>\n<p>F\u00e9lix Sol\u00eds Avantis S.A. \u00fcbernimmt keine Haftung f\u00fcr etwaige Verst\u00f6\u00dfe gegen Urheberrechte Dritter, die sich aus dem Einschluss von Marken, Handelsnamen, industriellen Designs, Designs, Texten, Bildern, Zeichnungen, Logos, Icons, Softwareprogrammen und sonstigen Symbolen auf dieser Website ergeben, von denen Dritte zum Zeitpunkt der Verwendung f\u00fcr die Website behauptet haben, dass sie ihr Eigentum sind. Das Unternehmen \u00fcbernimmt des Weiteren keine Haftung f\u00fcr die von Benutzern in Blogs oder sozialen Netzwerken ge\u00e4u\u00dferten Meinungen oder Kommentare, unabh\u00e4ngig von den Ma\u00dfnahmen, die das Unternehmen m\u00f6glicherweise ergreift, um diese Meinungen und Kommentare zu l\u00f6schen, falls diese gesetzwidrig sind.<\/p>\n","protected":false},"excerpt":{"rendered":"<p>F\u00e9lix Sol\u00eds Avantis S.A. verwendet die von Ihnen bereitgestellten Informationen gem\u00e4\u00df spanischem Organgesetz 2016\/679 (L.O.P.D) \u00fcber den Schutz personenbezogener Daten. Der gesamte Inhalt dieser Website und insbesondere die Marken, Handelsnamen, gewerblichen Designs, Designs, Texte, Bilder, Zeichnungen, Logos, Icons, Softwareprogramme und sonstigen Symbole, die f\u00fcr den gewerblichen und kommerziellen Gebrauch vorgesehen sind, sind urheberrechtlich gesch\u00fctzt durch F\u00e9lix Sol\u00eds Avantis S.A. oder Dritte, welche Eigent\u00fcmer dieser Symbole sind und ihre Verwendung auf dieser Website genehmigt haben. Folglich ist es untersagt diese Symbole ohne die ausdr\u00fcckliche Genehmigung von F\u00e9lix Sol\u00eds Avantis S.A. in jeglichem Medium, einschlie\u00dflich dem Internet (Domain Namen, Soziale Netzwerke, Blogs usw.) zu verwenden und\/oder wiederzugeben. F\u00e9lix Sol\u00eds Avantis S.A. \u00fcbernimmt [&hellip;]<\/p>\n","protected":false},"author":4,"featured_media":37630,"parent":0,"menu_order":0,"comment_status":"open","ping_status":"open","template":"page-general.php","meta":{"footnotes":""},"acf":[],"yoast_head":"<!-- This site is optimized with the Yoast SEO plugin v21.5 - https:\/\/yoast.com\/wordpress\/plugins\/seo\/ -->\n<title>Rechtlicher Hinweis | F\u00e9lix Sol\u00eds<\/title>\n<meta name=\"robots\" content=\"index, follow, max-snippet:-1, max-image-preview:large, max-video-preview:-1\" \/>\n<link rel=\"canonical\" href=\"https:\/\/felixsolis.vanadysdev.com\/de\/rechtlicher-hinweis\/\" \/>\n<meta property=\"og:locale\" content=\"de_DE\" \/>\n<meta property=\"og:type\" content=\"article\" \/>\n<meta property=\"og:title\" content=\"Rechtlicher Hinweis | F\u00e9lix Sol\u00eds\" \/>\n<meta property=\"og:description\" content=\"F\u00e9lix Sol\u00eds Avantis S.A. verwendet die von Ihnen bereitgestellten Informationen gem\u00e4\u00df spanischem Organgesetz 2016\/679 (L.O.P.D) \u00fcber den Schutz personenbezogener Daten. Der gesamte Inhalt dieser Website und insbesondere die Marken, Handelsnamen, gewerblichen Designs, Designs, Texte, Bilder, Zeichnungen, Logos, Icons, Softwareprogramme und sonstigen Symbole, die f\u00fcr den gewerblichen und kommerziellen Gebrauch vorgesehen sind, sind urheberrechtlich gesch\u00fctzt durch F\u00e9lix Sol\u00eds Avantis S.A. oder Dritte, welche Eigent\u00fcmer dieser Symbole sind und ihre Verwendung auf dieser Website genehmigt haben. Folglich ist es untersagt diese Symbole ohne die ausdr\u00fcckliche Genehmigung von F\u00e9lix Sol\u00eds Avantis S.A. in jeglichem Medium, einschlie\u00dflich dem Internet (Domain Namen, Soziale Netzwerke, Blogs usw.) zu verwenden und\/oder wiederzugeben. F\u00e9lix Sol\u00eds Avantis S.A. \u00fcbernimmt [&hellip;]\" \/>\n<meta property=\"og:url\" content=\"https:\/\/felixsolis.vanadysdev.com\/de\/rechtlicher-hinweis\/\" \/>\n<meta property=\"og:site_name\" content=\"F\u00e9lix Sol\u00eds\" \/>\n<meta property=\"article:modified_time\" content=\"2019-10-22T10:20:19+00:00\" \/>\n<meta property=\"og:image\" content=\"https:\/\/felixsolis.vanadysdev.com\/app\/uploads\/2019\/05\/lamancha_07.jpg\" \/>\n\t<meta property=\"og:image:width\" content=\"2000\" \/>\n\t<meta property=\"og:image:height\" content=\"1333\" \/>\n\t<meta property=\"og:image:type\" content=\"image\/jpeg\" \/>\n<meta name=\"twitter:card\" content=\"summary_large_image\" \/>\n<meta name=\"twitter:label1\" content=\"Gesch\u00e4tzte Lesezeit\" \/>\n\t<meta name=\"twitter:data1\" content=\"1 Minute\" \/>\n<script type=\"application\/ld+json\" class=\"yoast-schema-graph\">{\"@context\":\"https:\/\/schema.org\",\"@graph\":[{\"@type\":\"WebPage\",\"@id\":\"https:\/\/felixsolis.vanadysdev.com\/de\/rechtlicher-hinweis\/\",\"url\":\"https:\/\/felixsolis.vanadysdev.com\/de\/rechtlicher-hinweis\/\",\"name\":\"Rechtlicher Hinweis | F\u00e9lix Sol\u00eds\",\"isPartOf\":{\"@id\":\"https:\/\/felixsolis.vanadysdev.com\/#website\"},\"datePublished\":\"2017-07-31T08:23:01+00:00\",\"dateModified\":\"2019-10-22T10:20:19+00:00\",\"breadcrumb\":{\"@id\":\"https:\/\/felixsolis.vanadysdev.com\/de\/rechtlicher-hinweis\/#breadcrumb\"},\"inLanguage\":\"de-DE\",\"potentialAction\":[{\"@type\":\"ReadAction\",\"target\":[\"https:\/\/felixsolis.vanadysdev.com\/de\/rechtlicher-hinweis\/\"]}]},{\"@type\":\"BreadcrumbList\",\"@id\":\"https:\/\/felixsolis.vanadysdev.com\/de\/rechtlicher-hinweis\/#breadcrumb\",\"itemListElement\":[{\"@type\":\"ListItem\",\"position\":1,\"name\":\"Portada\",\"item\":\"https:\/\/felixsolis.vanadysdev.com\/de\/home\/\"},{\"@type\":\"ListItem\",\"position\":2,\"name\":\"Rechtlicher Hinweis\"}]},{\"@type\":\"WebSite\",\"@id\":\"https:\/\/felixsolis.vanadysdev.com\/#website\",\"url\":\"https:\/\/felixsolis.vanadysdev.com\/\",\"name\":\"F\u00e9lix Sol\u00eds\",\"description\":\"\",\"potentialAction\":[{\"@type\":\"SearchAction\",\"target\":{\"@type\":\"EntryPoint\",\"urlTemplate\":\"https:\/\/felixsolis.vanadysdev.com\/?s={search_term_string}\"},\"query-input\":\"required name=search_term_string\"}],\"inLanguage\":\"de-DE\"}]}<\/script>\n<!-- \/ Yoast SEO plugin. -->","yoast_head_json":{"title":"Rechtlicher Hinweis | F\u00e9lix Sol\u00eds","robots":{"index":"index","follow":"follow","max-snippet":"max-snippet:-1","max-image-preview":"max-image-preview:large","max-video-preview":"max-video-preview:-1"},"canonical":"https:\/\/felixsolis.vanadysdev.com\/de\/rechtlicher-hinweis\/","og_locale":"de_DE","og_type":"article","og_title":"Rechtlicher Hinweis | F\u00e9lix Sol\u00eds","og_description":"F\u00e9lix Sol\u00eds Avantis S.A. verwendet die von Ihnen bereitgestellten Informationen gem\u00e4\u00df spanischem Organgesetz 2016\/679 (L.O.P.D) \u00fcber den Schutz personenbezogener Daten. Der gesamte Inhalt dieser Website und insbesondere die Marken, Handelsnamen, gewerblichen Designs, Designs, Texte, Bilder, Zeichnungen, Logos, Icons, Softwareprogramme und sonstigen Symbole, die f\u00fcr den gewerblichen und kommerziellen Gebrauch vorgesehen sind, sind urheberrechtlich gesch\u00fctzt durch F\u00e9lix Sol\u00eds Avantis S.A. oder Dritte, welche Eigent\u00fcmer dieser Symbole sind und ihre Verwendung auf dieser Website genehmigt haben. Folglich ist es untersagt diese Symbole ohne die ausdr\u00fcckliche Genehmigung von F\u00e9lix Sol\u00eds Avantis S.A. in jeglichem Medium, einschlie\u00dflich dem Internet (Domain Namen, Soziale Netzwerke, Blogs usw.) zu verwenden und\/oder wiederzugeben. F\u00e9lix Sol\u00eds Avantis S.A. \u00fcbernimmt [&hellip;]","og_url":"https:\/\/felixsolis.vanadysdev.com\/de\/rechtlicher-hinweis\/","og_site_name":"F\u00e9lix Sol\u00eds","article_modified_time":"2019-10-22T10:20:19+00:00","og_image":[{"width":2000,"height":1333,"url":"https:\/\/felixsolis.vanadysdev.com\/app\/uploads\/2019\/05\/lamancha_07.jpg","type":"image\/jpeg"}],"twitter_card":"summary_large_image","twitter_misc":{"Gesch\u00e4tzte Lesezeit":"1 Minute"},"schema":{"@context":"https:\/\/schema.org","@graph":[{"@type":"WebPage","@id":"https:\/\/felixsolis.vanadysdev.com\/de\/rechtlicher-hinweis\/","url":"https:\/\/felixsolis.vanadysdev.com\/de\/rechtlicher-hinweis\/","name":"Rechtlicher Hinweis | F\u00e9lix Sol\u00eds","isPartOf":{"@id":"https:\/\/felixsolis.vanadysdev.com\/#website"},"datePublished":"2017-07-31T08:23:01+00:00","dateModified":"2019-10-22T10:20:19+00:00","breadcrumb":{"@id":"https:\/\/felixsolis.vanadysdev.com\/de\/rechtlicher-hinweis\/#breadcrumb"},"inLanguage":"de-DE","potentialAction":[{"@type":"ReadAction","target":["https:\/\/felixsolis.vanadysdev.com\/de\/rechtlicher-hinweis\/"]}]},{"@type":"BreadcrumbList","@id":"https:\/\/felixsolis.vanadysdev.com\/de\/rechtlicher-hinweis\/#breadcrumb","itemListElement":[{"@type":"ListItem","position":1,"name":"Portada","item":"https:\/\/felixsolis.vanadysdev.com\/de\/home\/"},{"@type":"ListItem","position":2,"name":"Rechtlicher Hinweis"}]},{"@type":"WebSite","@id":"https:\/\/felixsolis.vanadysdev.com\/#website","url":"https:\/\/felixsolis.vanadysdev.com\/","name":"F\u00e9lix Sol\u00eds","description":"","potentialAction":[{"@type":"SearchAction","target":{"@type":"EntryPoint","urlTemplate":"https:\/\/felixsolis.vanadysdev.com\/?s={search_term_string}"},"query-input":"required name=search_term_string"}],"inLanguage":"de-DE"}]}},"_links":{"self":[{"href":"https:\/\/felixsolis.vanadysdev.com\/de\/wp-json\/wp\/v2\/pages\/10749"}],"collection":[{"href":"https:\/\/felixsolis.vanadysdev.com\/de\/wp-json\/wp\/v2\/pages"}],"about":[{"href":"https:\/\/felixsolis.vanadysdev.com\/de\/wp-json\/wp\/v2\/types\/page"}],"author":[{"embeddable":true,"href":"https:\/\/felixsolis.vanadysdev.com\/de\/wp-json\/wp\/v2\/users\/4"}],"replies":[{"embeddable":true,"href":"https:\/\/felixsolis.vanadysdev.com\/de\/wp-json\/wp\/v2\/comments?post=10749"}],"version-history":[{"count":1,"href":"https:\/\/felixsolis.vanadysdev.com\/de\/wp-json\/wp\/v2\/pages\/10749\/revisions"}],"predecessor-version":[{"id":46724,"href":"https:\/\/felixsolis.vanadysdev.com\/de\/wp-json\/wp\/v2\/pages\/10749\/revisions\/46724"}],"wp:featuredmedia":[{"embeddable":true,"href":"https:\/\/felixsolis.vanadysdev.com\/de\/wp-json\/wp\/v2\/media\/37630"}],"wp:attachment":[{"href":"https:\/\/felixsolis.vanadysdev.com\/de\/wp-json\/wp\/v2\/media?parent=10749"}],"curies":[{"name":"wp","href":"https:\/\/api.w.org\/{rel}","templated":true}]}}